{"id":332,"date":"2016-07-12T23:13:50","date_gmt":"2016-07-12T21:13:50","guid":{"rendered":"http:\/\/caes.coop\/ca\/?page_id=332"},"modified":"2023-07-19T16:56:08","modified_gmt":"2023-07-19T14:56:08","slug":"caes","status":"publish","type":"page","link":"https:\/\/caes.coop\/ca\/caes\/","title":{"rendered":"Caes"},"content":{"rendered":"<p>[et_pb_section fb_built=&#8221;1&#8243; custom_padding_last_edited=&#8221;on|desktop&#8221; admin_label=&#8221;Secci\u00f3n&#8221; _builder_version=&#8221;4.16&#8243; background_color=&#8221;#ffffff&#8221; custom_padding=&#8221;0px||NaNpx|&#8221; custom_padding_tablet=&#8221;50px|0|50px|0&#8243; custom_padding_phone=&#8221;50px|0|50px|0&#8243; transparent_background=&#8221;off&#8221; padding_mobile=&#8221;off&#8221; make_fullwidth=&#8221;off&#8221; use_custom_width=&#8221;off&#8221; width_unit=&#8221;on&#8221; global_colors_info=&#8221;{}&#8221;][et_pb_row padding_mobile=&#8221;off&#8221; column_padding_mobile=&#8221;on&#8221; admin_label=&#8221;Fila&#8221; module_id=&#8221;titol&#8221; _builder_version=&#8221;4.16&#8243; background_size=&#8221;initial&#8221; background_position=&#8221;top_left&#8221; background_repeat=&#8221;repeat&#8221; custom_margin=&#8221;||0px|&#8221; make_fullwidth=&#8221;off&#8221; use_custom_width=&#8221;off&#8221; width_unit=&#8221;on&#8221; global_colors_info=&#8221;{}&#8221;][et_pb_column type=&#8221;4_4&#8243; _builder_version=&#8221;4.16&#8243; custom_padding=&#8221;|||&#8221; global_colors_info=&#8221;{}&#8221; custom_padding__hover=&#8221;|||&#8221;][et_pb_post_title meta=&#8221;off&#8221; featured_image=&#8221;off&#8221; admin_label=&#8221;T\u00edtulo de publicaci\u00f3n&#8221; _builder_version=&#8221;4.16&#8243; title_all_caps=&#8221;off&#8221; background_color=&#8221;rgba(255,255,255,0)&#8221; parallax=&#8221;on&#8221; parallax_method=&#8221;off&#8221; custom_margin=&#8221;||0px|&#8221; parallax_effect=&#8221;on&#8221; module_bg_color=&#8221;rgba(255,255,255,0)&#8221; use_border_color=&#8221;off&#8221; border_color=&#8221;#ffffff&#8221; border_style=&#8221;solid&#8221; global_colors_info=&#8221;{}&#8221;] [\/et_pb_post_title][\/et_pb_column][\/et_pb_row][\/et_pb_section][et_pb_section fb_built=&#8221;1&#8243; custom_padding_last_edited=&#8221;on|desktop&#8221; admin_label=&#8221;section&#8221; _builder_version=&#8221;4.16&#8243; background_color=&#8221;#ffffff&#8221; custom_padding=&#8221;0px|||&#8221; custom_padding_tablet=&#8221;50px|0|50px|0&#8243; custom_padding_phone=&#8221;50px|0|50px|0&#8243; transparent_background=&#8221;off&#8221; padding_mobile=&#8221;off&#8221; make_fullwidth=&#8221;off&#8221; use_custom_width=&#8221;off&#8221; width_unit=&#8221;on&#8221; global_colors_info=&#8221;{}&#8221;][et_pb_row column_structure=&#8221;1_2,1_2&#8243; admin_label=&#8221;row&#8221; _builder_version=&#8221;4.16&#8243; background_size=&#8221;initial&#8221; background_position=&#8221;top_left&#8221; background_repeat=&#8221;repeat&#8221; global_colors_info=&#8221;{}&#8221;][et_pb_column type=&#8221;1_2&#8243; _builder_version=&#8221;4.16&#8243; custom_padding=&#8221;|||&#8221; global_colors_info=&#8221;{}&#8221; custom_padding__hover=&#8221;|||&#8221;][et_pb_image src=&#8221;https:\/\/caes.coop\/wp-content\/uploads\/2016\/07\/logo_gran_caes.png&#8221; align_tablet=&#8221;center&#8221; align_phone=&#8221;center&#8221; align_last_edited=&#8221;on|desktop&#8221; admin_label=&#8221;Imagen&#8221; _builder_version=&#8221;4.16&#8243; max_width=&#8221;80%&#8221; animation_style=&#8221;slide&#8221; animation_direction=&#8221;left&#8221; animation_duration=&#8221;500ms&#8221; animation_intensity_slide=&#8221;10%&#8221; use_border_color=&#8221;off&#8221; border_color=&#8221;#ffffff&#8221; border_style=&#8221;solid&#8221; animation=&#8221;left&#8221; sticky=&#8221;off&#8221; always_center_on_mobile=&#8221;on&#8221; global_colors_info=&#8221;{}&#8221;] [\/et_pb_image][\/et_pb_column][et_pb_column type=&#8221;1_2&#8243; _builder_version=&#8221;4.16&#8243; custom_padding=&#8221;|||&#8221; global_colors_info=&#8221;{}&#8221; custom_padding__hover=&#8221;|||&#8221;][et_pb_text admin_label=&#8221;Texto&#8221; _builder_version=&#8221;4.16&#8243; background_size=&#8221;initial&#8221; background_position=&#8221;top_left&#8221; background_repeat=&#8221;repeat&#8221; use_border_color=&#8221;off&#8221; border_color=&#8221;#ffffff&#8221; border_style=&#8221;solid&#8221; global_colors_info=&#8221;{}&#8221;]<\/p>\n<h2>Qui som<\/h2>\n<p>CAES, Cooperaci\u00f3 per a l&#8217;Assegurament \u00c8tic i Solidari, <strong>\u00e9s un projecte d&#8217;intercooperaci\u00f3 de les corredories <a href=\"http:\/\/seryes.com\/\"><b>SERYES<\/b><\/a><b> <\/b>i <a href=\"http:\/\/www.arccoop.coop\/es\/\"><b>Ar\u00e7 Cooperativa<\/b><\/a> <\/strong>per al foment i el desenvolupament de l&#8217;asseguran\u00e7a \u00e8tica i solid\u00e0ria en l&#8217;economia social i solid\u00e0ria.<\/p>\n<p>Ar\u00e7 Cooperativa i Seryes s\u00f3n corredories d&#8217;assegurances registrades amb el segell EthSI que operen dins del territori espanyol i que treballen per desenvolupar el mercat social. Aix\u00ed mateix, CAES compta amb el suport de <a href=\"http:\/\/www.consorziocaes.org\/\">CAES Italia.<\/a><\/p>\n<p>CAES contribueix al<strong> foment de l&#8217;asseguran\u00e7a \u00e8tica i solid\u00e0ria<\/strong>; promociona l&#8217;economia social i solid\u00e0ria i facilita l&#8217;acc\u00e9s a les assegurances \u00e8tiques als ciutadans que volen contractar aquest tipus d&#8217;assegurances. Aix\u00ed mateix, participem en l&#8217;associaci\u00f3 de mercat social i en les xarxes d&#8217;economia social i solid\u00e0ria del territori. Tamb\u00e9 som presents a les fires territorials de l&#8217;economia social i solid\u00e0ria, mercat social i al portal <strong><a href=\"https:\/\/mercadosocial.net\/me-cambio\/\">Me Cambio<\/a><\/strong>.<\/p>\n<p>[\/et_pb_text][\/et_pb_column][\/et_pb_row][\/et_pb_section][et_pb_section fb_built=&#8221;1&#8243; custom_padding_last_edited=&#8221;on|desktop&#8221; admin_label=&#8221;Secci\u00f3n&#8221; _builder_version=&#8221;4.16&#8243; background_color=&#8221;#ffffff&#8221; background_image=&#8221;https:\/\/caes.coop\/wp-content\/uploads\/2016\/07\/woman-street-friends-fun-23591.jpg&#8221; custom_padding_tablet=&#8221;50px|0|50px|0&#8243; custom_padding_phone=&#8221;50px|0|50px|0&#8243; transparent_background=&#8221;off&#8221; padding_mobile=&#8221;off&#8221; make_fullwidth=&#8221;off&#8221; use_custom_width=&#8221;off&#8221; width_unit=&#8221;on&#8221; global_colors_info=&#8221;{}&#8221;][et_pb_row padding_mobile=&#8221;off&#8221; column_padding_mobile=&#8221;on&#8221; admin_label=&#8221;Fila&#8221; module_class=&#8221; et_pb_row_fullwidth&#8221; _builder_version=&#8221;4.16&#8243; background_size=&#8221;initial&#8221; background_position=&#8221;top_left&#8221; background_repeat=&#8221;repeat&#8221; width=&#8221;94%&#8221; width_tablet=&#8221;80%&#8221; width_phone=&#8221;80%&#8221; width_last_edited=&#8221;on|desktop&#8221; max_width=&#8221;94%&#8221; max_width_tablet=&#8221;80%&#8221; max_width_phone=&#8221;80%&#8221; max_width_last_edited=&#8221;on|desktop&#8221; make_fullwidth=&#8221;on&#8221; use_custom_width=&#8221;off&#8221; width_unit=&#8221;on&#8221; global_colors_info=&#8221;{}&#8221;][et_pb_column type=&#8221;4_4&#8243; _builder_version=&#8221;4.16&#8243; custom_padding=&#8221;|||&#8221; global_colors_info=&#8221;{}&#8221; custom_padding__hover=&#8221;|||&#8221;][et_pb_text admin_label=&#8221;Texto&#8221; module_class=&#8221;text-destafoto&#8221; _builder_version=&#8221;4.16&#8243; text_font_size=&#8221;30&#8243; text_line_height=&#8221;1.3em&#8221; header_font_size=&#8221;38px&#8221; header_line_height=&#8221;1.5em&#8221; background_size=&#8221;initial&#8221; background_position=&#8221;top_left&#8221; background_repeat=&#8221;repeat&#8221; text_orientation=&#8221;center&#8221; background_layout=&#8221;dark&#8221; module_alignment=&#8221;center&#8221; custom_padding=&#8221;5%|5%|5%|5%&#8221; use_border_color=&#8221;off&#8221; border_color=&#8221;#ffffff&#8221; border_style=&#8221;solid&#8221; global_colors_info=&#8221;{}&#8221;]<\/p>\n<p style=\"text-align: center;\">Les assegurances \u00e8tiques recupen el sentit original de l&#8217;assegurament com a experi\u00e8ncia comunit\u00e0ria, com a vehicle de solidaritat i de cohesi\u00f3 social<\/p>\n<p>[\/et_pb_text][\/et_pb_column][\/et_pb_row][\/et_pb_section][et_pb_section fb_built=&#8221;1&#8243; admin_label=&#8221;Secci\u00f3n&#8221; _builder_version=&#8221;4.16&#8243; global_colors_info=&#8221;{}&#8221;][et_pb_row admin_label=&#8221;Fila&#8221; _builder_version=&#8221;4.16&#8243; background_size=&#8221;initial&#8221; background_position=&#8221;top_left&#8221; background_repeat=&#8221;repeat&#8221; global_colors_info=&#8221;{}&#8221;][et_pb_column type=&#8221;4_4&#8243; _builder_version=&#8221;4.16&#8243; custom_padding=&#8221;|||&#8221; global_colors_info=&#8221;{}&#8221; custom_padding__hover=&#8221;|||&#8221;][et_pb_text admin_label=&#8221;Texto&#8221; _builder_version=&#8221;4.16&#8243; background_size=&#8221;initial&#8221; background_position=&#8221;top_left&#8221; background_repeat=&#8221;repeat&#8221; use_border_color=&#8221;off&#8221; border_color=&#8221;#ffffff&#8221; border_style=&#8221;solid&#8221; global_colors_info=&#8221;{}&#8221;]<\/p>\n<h2>Les nostres aliances<\/h2>\n<p>CAES forma part de l&#8217;Associaci\u00f3 de Xarxes de Mercat Social, que integra organitzacions dels mercats socials d&#8217;Arag\u00f3, Euskadi, Navarra i Madrid. L&#8217;objectiu d&#8217;aquesta xarxa \u00e9s fomentar la producci\u00f3 i el consum just, ecol\u00f2gic, inclusiu, social i solidari, i promoure els instruments necessaris per desenvolupar mercats socials que posen a les persones en el centre de les relacions econ\u00f2miques.<\/p>\n<p>Aix\u00ed mateix, Ar\u00e7 Cooperativa i Seryes, que conformen CAES, participen activament en diferents \u00e0mbits del cooperativisme, les finances \u00e8tiques i el mercat social. Algunes de les entitats on s\u00f3n presents s\u00f3n <a href=\"https:\/\/www.coop57.coop\/\">Coop 57<\/a>; <a href=\"http:\/\/www.cooperativestreball.coop\">Federaci\u00f3 de Cooperatives de Treball de Catalunya<\/a>; <a href=\"http:\/\/www.cooperativasdemadrid.org\/\">Federaci\u00f3n de Cooperativas Madrile\u00f1as<\/a>; <a href=\"http:\/\/fets.org\/es\/\">FETS, Finan\u00e7ament \u00c8tic i Solidari<\/a>; <a href=\"http:\/\/www.fiarebancaetica.coop\/ca\">FIARE Banca \u00c9tica<\/a>; <a href=\"https:\/\/madrid.mercadosocial.net\/\">Mercado Social de Madrid (MES)<\/a>; <a href=\"http:\/\/www.economiasolidaria.org\/redes\/mesa_finanzas_eticas\">Mesa del sistema de Finanzas \u00c9ticas; Red de Redes de Econom\u00eda Alternativa y Solidaria (REAS)<\/a>; i la <a href=\"http:\/\/www.xes.cat\/pages\/xs000.php?i=0\">Xarxa d\u2019Economia Solid\u00e0ria de Catalunya (XES)<\/a>.<\/p>\n<p>A m\u00e9s, el projecte CAES ha establert acords de col\u00b7laboraci\u00f3 per promoure el mercat social i les finances \u00e8tiques a Espanya.<\/p>\n<p>[\/et_pb_text][et_pb_text admin_label=&#8221;Texto&#8221; _builder_version=&#8221;4.16&#8243; background_size=&#8221;initial&#8221; background_position=&#8221;top_left&#8221; background_repeat=&#8221;repeat&#8221; use_border_color=&#8221;off&#8221; border_color=&#8221;#ffffff&#8221; border_style=&#8221;solid&#8221; global_colors_info=&#8221;{}&#8221;]<code><ul class=\"kiwi-logo-carousel kiwi-logo-carousel-default grayhovercolor align-center col4\"><li style=\"height:150px;\"><a target=\"_blank\" href=\"http:\/\/www.consorziocaes.org\/\"><div class=\"helper\" style=\"height:150px; width:200px;\" ><img decoding=\"async\" src=\"https:\/\/caes.coop\/wp-content\/uploads\/2016\/08\/caes-it.png\" alt=\"caes italia\" title=\"caes italia\"><\/div><\/a><\/li><li style=\"height:150px;\"><a target=\"_blank\" href=\"http:\/\/www.economiasolidaria.org\/\"><div class=\"helper\" style=\"height:150px; width:200px;\" ><img decoding=\"async\" src=\"https:\/\/caes.coop\/wp-content\/uploads\/2016\/07\/reas.png\" alt=\"reas\" title=\"reas\"><\/div><\/a><\/li><li style=\"height:150px;\"><a target=\"_blank\" href=\"https:\/\/www.coop57.coop\/\"><div class=\"helper\" style=\"height:150px; width:200px;\" ><img decoding=\"async\" src=\"https:\/\/caes.coop\/wp-content\/uploads\/2016\/07\/coop57.png\" alt=\"coop57\" title=\"coop57\"><\/div><\/a><\/li><li style=\"height:150px;\"><a target=\"_blank\" href=\"http:\/\/www.fiarebancaetica.coop\/\"><div class=\"helper\" style=\"height:150px; width:200px;\" ><img decoding=\"async\" src=\"https:\/\/caes.coop\/wp-content\/uploads\/2016\/07\/fiare.png\" alt=\"fiare\" title=\"fiare\"><\/div><\/a><\/li><\/ul><\/code><br \/>\n[\/et_pb_text][\/et_pb_column][\/et_pb_row][\/et_pb_section]<\/p>\n","protected":false},"excerpt":{"rendered":"<p>Qui som CAES, Cooperaci\u00f3 per a l&#8217;Assegurament \u00c8tic i Solidari, \u00e9s un projecte d&#8217;intercooperaci\u00f3 de les corredories SERYES i Ar\u00e7 Cooperativa per al foment i el desenvolupament de l&#8217;asseguran\u00e7a \u00e8tica i solid\u00e0ria en l&#8217;economia social i solid\u00e0ria. Ar\u00e7 Cooperativa i Seryes s\u00f3n corredories d&#8217;assegurances registrades amb el segell EthSI que operen dins del territori espanyol i que treballen per desenvolupar el mercat social. Aix\u00ed mateix, CAES compta amb el suport de CAES Italia. CAES contribueix al foment de l&#8217;asseguran\u00e7a \u00e8tica [&hellip;]<\/p>\n","protected":false},"author":1,"featured_media":0,"parent":0,"menu_order":0,"comment_status":"closed","ping_status":"closed","template":"","meta":{"_et_pb_use_builder":"on","_et_pb_old_content":"","_et_gb_content_width":"","_exactmetrics_skip_tracking":false,"_exactmetrics_sitenote_active":false,"_exactmetrics_sitenote_note":"","_exactmetrics_sitenote_category":0,"footnotes":""},"class_list":["post-332","page","type-page","status-publish","hentry"],"_links":{"self":[{"href":"https:\/\/caes.coop\/ca\/wp-json\/wp\/v2\/pages\/332","targetHints":{"allow":["GET"]}}],"collection":[{"href":"https:\/\/caes.coop\/ca\/wp-json\/wp\/v2\/pages"}],"about":[{"href":"https:\/\/caes.coop\/ca\/wp-json\/wp\/v2\/types\/page"}],"author":[{"embeddable":true,"href":"https:\/\/caes.coop\/ca\/wp-json\/wp\/v2\/users\/1"}],"replies":[{"embeddable":true,"href":"https:\/\/caes.coop\/ca\/wp-json\/wp\/v2\/comments?post=332"}],"version-history":[{"count":10,"href":"https:\/\/caes.coop\/ca\/wp-json\/wp\/v2\/pages\/332\/revisions"}],"predecessor-version":[{"id":1199,"href":"https:\/\/caes.coop\/ca\/wp-json\/wp\/v2\/pages\/332\/revisions\/1199"}],"wp:attachment":[{"href":"https:\/\/caes.coop\/ca\/wp-json\/wp\/v2\/media?parent=332"}],"curies":[{"name":"wp","href":"https:\/\/api.w.org\/{rel}","templated":true}]}}